{"id":368,"date":"2024-02-22T16:56:46","date_gmt":"2024-02-22T15:56:46","guid":{"rendered":"https:\/\/tomsarrat.com\/?page_id=368"},"modified":"2024-11-16T17:42:07","modified_gmt":"2024-11-16T16:42:07","slug":"accueil","status":"publish","type":"page","link":"https:\/\/tomsarrat.com\/","title":{"rendered":"ACCUEIL"},"content":{"rendered":"\t\t<div data-elementor-type=\"wp-page\" data-elementor-id=\"368\" class=\"elementor elementor-368\" data-elementor-post-type=\"page\">\n\t\t\t\t<div class=\"elementor-element elementor-element-1675c00 elementor-hidden-desktop elementor-hidden-tablet e-flex e-con-boxed e-con e-parent\" data-id=\"1675c00\" data-element_type=\"container\" data-e-type=\"container\">\n\t\t\t\t\t<div class=\"e-con-inner\">\n\t\t\t\t<div class=\"elementor-element elementor-element-7f13859 elementor-widget elementor-widget-heading\" data-id=\"7f13859\" data-element_type=\"widget\" data-e-type=\"widget\" data-widget_type=\"heading.default\">\n\t\t\t\t<div class=\"elementor-widget-container\">\n\t\t\t\t\t<h5 class=\"elementor-heading-title elementor-size-default\">Attention ! Ce site est optimis\u00e9 pour \u00e9crans d'ordinateurs.<\/h5>\t\t\t\t<\/div>\n\t\t\t\t<\/div>\n\t\t\t\t\t<\/div>\n\t\t\t\t<\/div>\n\t\t<div class=\"elementor-element elementor-element-de99b1c e-flex e-con-boxed e-con e-parent\" data-id=\"de99b1c\" data-element_type=\"container\" data-e-type=\"container\">\n\t\t\t\t\t<div class=\"e-con-inner\">\n\t\t\t\t<div class=\"elementor-element elementor-element-e75a6df elementor-widget__width-initial elementor--h-position-center elementor--v-position-middle elementor-arrows-position-inside elementor-pagination-position-inside elementor-widget elementor-widget-slides\" data-id=\"e75a6df\" data-element_type=\"widget\" data-e-type=\"widget\" data-settings=\"{&quot;autoplay_speed&quot;:4000,&quot;transition&quot;:&quot;fade&quot;,&quot;transition_speed&quot;:1000,&quot;navigation&quot;:&quot;both&quot;,&quot;autoplay&quot;:&quot;yes&quot;,&quot;pause_on_interaction&quot;:&quot;yes&quot;,&quot;infinite&quot;:&quot;yes&quot;}\" data-widget_type=\"slides.default\">\n\t\t\t\t<div class=\"elementor-widget-container\">\n\t\t\t\t\t\t\t\t\t<div class=\"elementor-swiper\">\n\t\t\t\t\t<div class=\"elementor-slides-wrapper elementor-main-swiper swiper\" role=\"region\" aria-roledescription=\"carousel\" aria-label=\"Diapositives\" dir=\"ltr\" data-animation=\"fadeInUp\">\n\t\t\t\t<div class=\"swiper-wrapper elementor-slides\">\n\t\t\t\t\t\t\t\t\t\t<div class=\"elementor-repeater-item-a5c7051 swiper-slide\" role=\"group\" aria-roledescription=\"slide\"><div class=\"swiper-slide-bg\" role=\"img\" aria-label=\"Vi-ALLER SIMPLE 1\"><\/div><div class=\"swiper-slide-inner\" ><div class=\"swiper-slide-contents\"><\/div><\/div><\/div><div class=\"elementor-repeater-item-726b277 swiper-slide\" role=\"group\" aria-roledescription=\"slide\"><div class=\"swiper-slide-bg\" role=\"img\" aria-label=\"Vi-We are still here 4\"><\/div><div class=\"swiper-slide-inner\" ><div class=\"swiper-slide-contents\"><\/div><\/div><\/div><div class=\"elementor-repeater-item-3683ac6 swiper-slide\" role=\"group\" aria-roledescription=\"slide\"><div class=\"swiper-slide-bg\" role=\"img\" aria-label=\"V-LA MORSURE (4)\"><\/div><div class=\"swiper-slide-inner\" ><div class=\"swiper-slide-contents\"><\/div><\/div><\/div><div class=\"elementor-repeater-item-97ea42e swiper-slide\" role=\"group\" aria-roledescription=\"slide\"><div class=\"swiper-slide-bg\" role=\"img\" aria-label=\"Vi-BDC 2\"><\/div><div class=\"swiper-slide-inner\" ><div class=\"swiper-slide-contents\"><\/div><\/div><\/div><div class=\"elementor-repeater-item-1ac3e4c swiper-slide\" role=\"group\" aria-roledescription=\"slide\"><div class=\"swiper-slide-bg\" role=\"img\" aria-label=\"SOBREVIVENTE (5)\"><\/div><div class=\"swiper-slide-inner\" ><div class=\"swiper-slide-contents\"><\/div><\/div><\/div><div class=\"elementor-repeater-item-64e209f swiper-slide\" role=\"group\" aria-roledescription=\"slide\"><div class=\"swiper-slide-bg\" role=\"img\" aria-label=\"V-NAYA VIOLETA (4)\"><\/div><div class=\"swiper-slide-inner\" ><div class=\"swiper-slide-contents\"><\/div><\/div><\/div><div class=\"elementor-repeater-item-b5bd229 swiper-slide\" role=\"group\" aria-roledescription=\"slide\"><div class=\"swiper-slide-bg\" role=\"img\" aria-label=\"V-GOTA D&#039;\u00c1GUA (3)\"><\/div><div class=\"swiper-slide-inner\" ><div class=\"swiper-slide-contents\"><\/div><\/div><\/div><div class=\"elementor-repeater-item-024fcc0 swiper-slide\" role=\"group\" aria-roledescription=\"slide\"><div class=\"swiper-slide-bg\" role=\"img\" aria-label=\"V-IMAGINA (3)\"><\/div><div class=\"swiper-slide-inner\" ><div class=\"swiper-slide-contents\"><\/div><\/div><\/div><div class=\"elementor-repeater-item-e16bdcc swiper-slide\" role=\"group\" aria-roledescription=\"slide\"><div class=\"swiper-slide-bg\" role=\"img\" aria-label=\"V-CBLOL (4)\"><\/div><div class=\"swiper-slide-inner\" ><div class=\"swiper-slide-contents\"><\/div><\/div><\/div><div class=\"elementor-repeater-item-db96d01 swiper-slide\" role=\"group\" aria-roledescription=\"slide\"><div class=\"swiper-slide-bg\" role=\"img\" aria-label=\"V-MON PETIT RICHARD (4)\"><\/div><div class=\"swiper-slide-inner\" ><div class=\"swiper-slide-contents\"><\/div><\/div><\/div>\t\t\t\t<\/div>\n\t\t\t\t\t\t\t\t\t\t\t\t\t\t\t<div class=\"elementor-swiper-button elementor-swiper-button-prev\" role=\"button\" tabindex=\"0\" aria-label=\"Diapositive pr\u00e9c\u00e9dente\">\n\t\t\t\t\t\t\t<svg aria-hidden=\"true\" class=\"e-font-icon-svg e-eicon-chevron-left\" viewBox=\"0 0 1000 1000\" xmlns=\"http:\/\/www.w3.org\/2000\/svg\"><path d=\"M646 125C629 125 613 133 604 142L308 442C296 454 292 471 292 487 292 504 296 521 308 533L604 854C617 867 629 875 646 875 663 875 679 871 692 858 704 846 713 829 713 812 713 796 708 779 692 767L438 487 692 225C700 217 708 204 708 187 708 171 704 154 692 142 675 129 663 125 646 125Z\"><\/path><\/svg>\t\t\t\t\t\t<\/div>\n\t\t\t\t\t\t<div class=\"elementor-swiper-button elementor-swiper-button-next\" role=\"button\" tabindex=\"0\" aria-label=\"Diapositive suivante\">\n\t\t\t\t\t\t\t<svg aria-hidden=\"true\" class=\"e-font-icon-svg e-eicon-chevron-right\" viewBox=\"0 0 1000 1000\" xmlns=\"http:\/\/www.w3.org\/2000\/svg\"><path d=\"M696 533C708 521 713 504 713 487 713 471 708 454 696 446L400 146C388 133 375 125 354 125 338 125 325 129 313 142 300 154 292 171 292 187 292 204 296 221 308 233L563 492 304 771C292 783 288 800 288 817 288 833 296 850 308 863 321 871 338 875 354 875 371 875 388 867 400 854L696 533Z\"><\/path><\/svg>\t\t\t\t\t\t<\/div>\n\t\t\t\t\t\t\t\t\t\t\t\t\t\t\t\t<div class=\"swiper-pagination\"><\/div>\n\t\t\t\t\t\t\t\t\t\t\t\t<\/div>\n\t\t\t\t<\/div>\n\t\t\t\t\t\t\t\t<\/div>\n\t\t\t\t<\/div>\n\t\t\t\t\t<\/div>\n\t\t\t\t<\/div>\n\t\t<div class=\"elementor-element elementor-element-8d4325f e-flex e-con-boxed e-con e-parent\" data-id=\"8d4325f\" data-element_type=\"container\" data-e-type=\"container\">\n\t\t\t\t\t<div class=\"e-con-inner\">\n\t\t<div class=\"elementor-element elementor-element-71e5676 e-con-full e-flex e-con e-child\" data-id=\"71e5676\" data-element_type=\"container\" data-e-type=\"container\">\n\t\t\t\t<div class=\"elementor-element elementor-element-90d1784 elementor-widget-mobile__width-auto elementor-widget elementor-widget-heading\" data-id=\"90d1784\" data-element_type=\"widget\" data-e-type=\"widget\" data-widget_type=\"heading.default\">\n\t\t\t\t<div class=\"elementor-widget-container\">\n\t\t\t\t\t<h2 class=\"elementor-heading-title elementor-size-default\">Une relation particuli\u00e8re<div>\u00e0 la lumi\u00e8re<span style=\"font-family: inherit;font-size: 2rem\"><\/span><\/div><\/h2>\t\t\t\t<\/div>\n\t\t\t\t<\/div>\n\t\t\t\t<div class=\"elementor-element elementor-element-c8b353c elementor-widget-mobile__width-initial elementor-widget elementor-widget-image\" data-id=\"c8b353c\" data-element_type=\"widget\" data-e-type=\"widget\" data-widget_type=\"image.default\">\n\t\t\t\t<div class=\"elementor-widget-container\">\n\t\t\t\t\t\t\t\t\t\t\t\t\t\t\t<img fetchpriority=\"high\" decoding=\"async\" width=\"500\" height=\"506\" src=\"https:\/\/tomsarrat.com\/wp-content\/uploads\/2024\/02\/Tom_sarrat_accueil_500.webp\" class=\"attachment-medium_large size-medium_large wp-image-569\" alt=\"\" srcset=\"https:\/\/tomsarrat.com\/wp-content\/uploads\/2024\/02\/Tom_sarrat_accueil_500.webp 500w, https:\/\/tomsarrat.com\/wp-content\/uploads\/2024\/02\/Tom_sarrat_accueil_500-296x300.webp 296w\" sizes=\"(max-width: 500px) 100vw, 500px\" \/>\t\t\t\t\t\t\t\t\t\t\t\t\t\t\t<\/div>\n\t\t\t\t<\/div>\n\t\t\t\t<\/div>\n\t\t<div class=\"elementor-element elementor-element-dfc39d3 e-con-full e-flex e-con e-child\" data-id=\"dfc39d3\" data-element_type=\"container\" data-e-type=\"container\">\n\t\t\t\t<div class=\"elementor-element elementor-element-96de95b elementor-widget elementor-widget-text-editor\" data-id=\"96de95b\" data-element_type=\"widget\" data-e-type=\"widget\" data-widget_type=\"text-editor.default\">\n\t\t\t\t<div class=\"elementor-widget-container\">\n\t\t\t\t\t\t\t\t\t<p>De retour de deux ann\u00e9es professionnellement intenses au Br\u00e9sil, je retrouve avec plaisir le milieu audiovisuel fran\u00e7ais. Mes premi\u00e8res exp\u00e9riences professionnelles et universitaires m&rsquo;ont amen\u00e9 \u00e0 explorer la presque totalit\u00e9 des postes que l&rsquo;on trouve sur un tournage avec, d\u00e8s le d\u00e9part, une attirance particuli\u00e8re pour la direction de la photographie. Je me suis alors r\u00e9serv\u00e9 ce r\u00f4le lors de la r\u00e9alisation de mes premiers documentaires.<span class=\"Apple-converted-space\">\u00a0<\/span><\/p><p>Puis, peu \u00e0 peu, je me suis pris de passion pour la conception de la lumi\u00e8re. Je me suis essay\u00e9 aux postes d&rsquo;assistant-\u00e9lectro, puis de chef-\u00e9lectro sur de nombreux autres tournages dans diff\u00e9rents genres audiovisuels.<\/p><p>La richesse et la diversit\u00e9 des nombreux aspects de la profession de chef-\u00e9lectricien ou d&rsquo;assistant m&rsquo;ont captiv\u00e9 au point d&rsquo;en faire mon m\u00e9tier.<\/p><p>J&rsquo;aime visiter les espaces et leurs d\u00e9fis techniques, dessiner des plans de feu, comprendre les enjeux dramatiques d\u2019un sc\u00e9nario pour les mettre en lumi\u00e8re.<\/p><p>J&rsquo;aime tout autant rechercher et \u00e9tudier les projecteurs et la machinerie ad\u00e9quats, collaborer avec les directeur\u00b7rice\u00b7s de la photographie pour dessiner leurs espaces et cr\u00e9er du contraste, mettre en valeur les personnages, leurs peaux, leurs \u00e9motions. Et surtout cette sensation finale de sculpter la lumi\u00e8re lors des pr\u00e9lights.<span class=\"Apple-converted-space\">\u00a0<\/span><\/p><p>Je vous invite ici \u00e0 parcourir les images et les contextes de quelques-unes des productions audiovisuelles dans lesquelles je me suis impliqu\u00e9. Je les ai agenc\u00e9es avec la volont\u00e9 de vous faire d\u00e9couvrir tout autant mon monde que ma participation aux univers de multiples artistes avec qui j&rsquo;ai eu la chance de collaborer.<\/p>\t\t\t\t\t\t\t\t<\/div>\n\t\t\t\t<\/div>\n\t\t\t\t<\/div>\n\t\t\t\t\t<\/div>\n\t\t\t\t<\/div>\n\t\t<div class=\"elementor-element elementor-element-61fe7cb e-flex e-con-boxed e-con e-parent\" data-id=\"61fe7cb\" data-element_type=\"container\" data-e-type=\"container\" data-settings=\"{&quot;background_background&quot;:&quot;classic&quot;}\">\n\t\t\t\t\t<div class=\"e-con-inner\">\n\t\t\t\t<div class=\"elementor-element elementor-element-1fa4533 elementor-widget elementor-widget-heading\" data-id=\"1fa4533\" data-element_type=\"widget\" data-e-type=\"widget\" data-widget_type=\"heading.default\">\n\t\t\t\t<div class=\"elementor-widget-container\">\n\t\t\t\t\t<h3 class=\"elementor-heading-title elementor-size-default\">TROIS TOURNAGES MARQUANTS<\/h3>\t\t\t\t<\/div>\n\t\t\t\t<\/div>\n\t\t\t\t\t<\/div>\n\t\t\t\t<\/div>\n\t\t<div class=\"elementor-element elementor-element-a5e569d e-flex e-con-boxed e-con e-parent\" data-id=\"a5e569d\" data-element_type=\"container\" data-e-type=\"container\" data-settings=\"{&quot;background_background&quot;:&quot;classic&quot;}\">\n\t\t\t\t\t<div class=\"e-con-inner\">\n\t\t<div class=\"elementor-element elementor-element-32c09e6 e-con-full e-flex e-con e-child\" data-id=\"32c09e6\" data-element_type=\"container\" data-e-type=\"container\">\n\t\t\t\t<div class=\"elementor-element elementor-element-3c90769 elementor-widget elementor-widget-image\" data-id=\"3c90769\" data-element_type=\"widget\" data-e-type=\"widget\" data-widget_type=\"image.default\">\n\t\t\t\t<div class=\"elementor-widget-container\">\n\t\t\t\t\t\t\t\t\t\t\t\t\t\t\t<img decoding=\"async\" width=\"800\" height=\"402\" src=\"https:\/\/tomsarrat.com\/wp-content\/uploads\/2024\/03\/Vi-ALLER-SIMPLE-4-1024x514.webp\" class=\"attachment-large size-large wp-image-1168\" alt=\"\" srcset=\"https:\/\/tomsarrat.com\/wp-content\/uploads\/2024\/03\/Vi-ALLER-SIMPLE-4-1024x514.webp 1024w, https:\/\/tomsarrat.com\/wp-content\/uploads\/2024\/03\/Vi-ALLER-SIMPLE-4-300x151.webp 300w, https:\/\/tomsarrat.com\/wp-content\/uploads\/2024\/03\/Vi-ALLER-SIMPLE-4-768x386.webp 768w, https:\/\/tomsarrat.com\/wp-content\/uploads\/2024\/03\/Vi-ALLER-SIMPLE-4.webp 1440w\" sizes=\"(max-width: 800px) 100vw, 800px\" \/>\t\t\t\t\t\t\t\t\t\t\t\t\t\t\t<\/div>\n\t\t\t\t<\/div>\n\t\t\t\t<div class=\"elementor-element elementor-element-db13390 elementor-widget elementor-widget-heading\" data-id=\"db13390\" data-element_type=\"widget\" data-e-type=\"widget\" data-widget_type=\"heading.default\">\n\t\t\t\t<div class=\"elementor-widget-container\">\n\t\t\t\t\t<h5 class=\"elementor-heading-title elementor-size-default\">ALLER SIMPLE<\/h5>\t\t\t\t<\/div>\n\t\t\t\t<\/div>\n\t\t\t\t<div class=\"elementor-element elementor-element-fbb4396 elementor-widget elementor-widget-heading\" data-id=\"fbb4396\" data-element_type=\"widget\" data-e-type=\"widget\" data-widget_type=\"heading.default\">\n\t\t\t\t<div class=\"elementor-widget-container\">\n\t\t\t\t\t<h6 class=\"elementor-heading-title elementor-size-default\"><span style=\"font-weight: 600\">de Jan Amor &amp; Jeanne Lorne<\/span><\/h6>\t\t\t\t<\/div>\n\t\t\t\t<\/div>\n\t\t\t\t<div class=\"elementor-element elementor-element-6ed420b elementor-widget elementor-widget-heading\" data-id=\"6ed420b\" data-element_type=\"widget\" data-e-type=\"widget\" data-widget_type=\"heading.default\">\n\t\t\t\t<div class=\"elementor-widget-container\">\n\t\t\t\t\t<h6 class=\"elementor-heading-title elementor-size-default\">France \/ 2022 \/ Court-m\u00e9trage \/ Fiction \/<\/BR> 25 min<\/h6>\t\t\t\t<\/div>\n\t\t\t\t<\/div>\n\t\t\t\t<div class=\"elementor-element elementor-element-a86efcc elementor-align-center elementor-widget elementor-widget-button\" data-id=\"a86efcc\" data-element_type=\"widget\" data-e-type=\"widget\" data-widget_type=\"button.default\">\n\t\t\t\t<div class=\"elementor-widget-container\">\n\t\t\t\t\t\t\t\t\t<div class=\"elementor-button-wrapper\">\n\t\t\t\t\t<a class=\"elementor-button elementor-button-link elementor-size-xs\" href=\"https:\/\/tomsarrat.com\/index.php\/accueil\/aller-simple\/\" rel=\"nofollow\">\n\t\t\t\t\t\t<span class=\"elementor-button-content-wrapper\">\n\t\t\t\t\t\t\t\t\t<span class=\"elementor-button-text\">D\u00e9couvrir<\/span>\n\t\t\t\t\t<\/span>\n\t\t\t\t\t<\/a>\n\t\t\t\t<\/div>\n\t\t\t\t\t\t\t\t<\/div>\n\t\t\t\t<\/div>\n\t\t\t\t<\/div>\n\t\t<div class=\"elementor-element elementor-element-a621723 e-con-full e-flex e-con e-child\" data-id=\"a621723\" data-element_type=\"container\" data-e-type=\"container\">\n\t\t\t\t<div class=\"elementor-element elementor-element-482f6fe elementor-widget elementor-widget-image\" data-id=\"482f6fe\" data-element_type=\"widget\" data-e-type=\"widget\" data-widget_type=\"image.default\">\n\t\t\t\t<div class=\"elementor-widget-container\">\n\t\t\t\t\t\t\t\t\t\t\t\t\t\t\t<img decoding=\"async\" width=\"800\" height=\"400\" src=\"https:\/\/tomsarrat.com\/wp-content\/uploads\/2024\/03\/Vi-BDC-13-1024x512.webp\" class=\"attachment-large size-large wp-image-1133\" alt=\"\" srcset=\"https:\/\/tomsarrat.com\/wp-content\/uploads\/2024\/03\/Vi-BDC-13-1024x512.webp 1024w, https:\/\/tomsarrat.com\/wp-content\/uploads\/2024\/03\/Vi-BDC-13-300x150.webp 300w, https:\/\/tomsarrat.com\/wp-content\/uploads\/2024\/03\/Vi-BDC-13-768x384.webp 768w, https:\/\/tomsarrat.com\/wp-content\/uploads\/2024\/03\/Vi-BDC-13.webp 1440w\" sizes=\"(max-width: 800px) 100vw, 800px\" \/>\t\t\t\t\t\t\t\t\t\t\t\t\t\t\t<\/div>\n\t\t\t\t<\/div>\n\t\t\t\t<div class=\"elementor-element elementor-element-990dc4b elementor-widget elementor-widget-heading\" data-id=\"990dc4b\" data-element_type=\"widget\" data-e-type=\"widget\" data-widget_type=\"heading.default\">\n\t\t\t\t<div class=\"elementor-widget-container\">\n\t\t\t\t\t<h5 class=\"elementor-heading-title elementor-size-default\">BRINCADEIRA DE CRIAN\u00c7A <\/h5>\t\t\t\t<\/div>\n\t\t\t\t<\/div>\n\t\t\t\t<div class=\"elementor-element elementor-element-7ffc768 elementor-widget elementor-widget-heading\" data-id=\"7ffc768\" data-element_type=\"widget\" data-e-type=\"widget\" data-widget_type=\"heading.default\">\n\t\t\t\t<div class=\"elementor-widget-container\">\n\t\t\t\t\t<h6 class=\"elementor-heading-title elementor-size-default\"><span style=\"font-weight: 600\">de Joao Toldi<\/span><\/h6>\t\t\t\t<\/div>\n\t\t\t\t<\/div>\n\t\t\t\t<div class=\"elementor-element elementor-element-fb5c0cb elementor-widget elementor-widget-heading\" data-id=\"fb5c0cb\" data-element_type=\"widget\" data-e-type=\"widget\" data-widget_type=\"heading.default\">\n\t\t\t\t<div class=\"elementor-widget-container\">\n\t\t\t\t\t<h6 class=\"elementor-heading-title elementor-size-default\">Br\u00e9sil \/ 2024 \/ court-m\u00e9trage \/ en cours de post-production<\/h6>\t\t\t\t<\/div>\n\t\t\t\t<\/div>\n\t\t\t\t<div class=\"elementor-element elementor-element-9c95991 elementor-align-center elementor-widget elementor-widget-button\" data-id=\"9c95991\" data-element_type=\"widget\" data-e-type=\"widget\" data-widget_type=\"button.default\">\n\t\t\t\t<div class=\"elementor-widget-container\">\n\t\t\t\t\t\t\t\t\t<div class=\"elementor-button-wrapper\">\n\t\t\t\t\t<a class=\"elementor-button elementor-button-link elementor-size-xs\" href=\"http:\/\/tomsarrat.com\/index.php\/accueil\/brincadeira-de-crianca\/\" rel=\"nofollow\">\n\t\t\t\t\t\t<span class=\"elementor-button-content-wrapper\">\n\t\t\t\t\t\t\t\t\t<span class=\"elementor-button-text\">D\u00e9couvrir<\/span>\n\t\t\t\t\t<\/span>\n\t\t\t\t\t<\/a>\n\t\t\t\t<\/div>\n\t\t\t\t\t\t\t\t<\/div>\n\t\t\t\t<\/div>\n\t\t\t\t<\/div>\n\t\t<div class=\"elementor-element elementor-element-d378b7e e-con-full e-flex e-con e-child\" data-id=\"d378b7e\" data-element_type=\"container\" data-e-type=\"container\">\n\t\t\t\t<div class=\"elementor-element elementor-element-62bd7d9 elementor-widget elementor-widget-image\" data-id=\"62bd7d9\" data-element_type=\"widget\" data-e-type=\"widget\" data-widget_type=\"image.default\">\n\t\t\t\t<div class=\"elementor-widget-container\">\n\t\t\t\t\t\t\t\t\t\t\t\t\t\t\t<img loading=\"lazy\" decoding=\"async\" width=\"800\" height=\"400\" src=\"https:\/\/tomsarrat.com\/wp-content\/uploads\/2024\/03\/Vi-We-are-still-here-1-1024x512.webp\" class=\"attachment-large size-large wp-image-1162\" alt=\"\" srcset=\"https:\/\/tomsarrat.com\/wp-content\/uploads\/2024\/03\/Vi-We-are-still-here-1-1024x512.webp 1024w, https:\/\/tomsarrat.com\/wp-content\/uploads\/2024\/03\/Vi-We-are-still-here-1-300x150.webp 300w, https:\/\/tomsarrat.com\/wp-content\/uploads\/2024\/03\/Vi-We-are-still-here-1-768x384.webp 768w, https:\/\/tomsarrat.com\/wp-content\/uploads\/2024\/03\/Vi-We-are-still-here-1.webp 1440w\" sizes=\"(max-width: 800px) 100vw, 800px\" \/>\t\t\t\t\t\t\t\t\t\t\t\t\t\t\t<\/div>\n\t\t\t\t<\/div>\n\t\t\t\t<div class=\"elementor-element elementor-element-9de1793 elementor-widget elementor-widget-heading\" data-id=\"9de1793\" data-element_type=\"widget\" data-e-type=\"widget\" data-widget_type=\"heading.default\">\n\t\t\t\t<div class=\"elementor-widget-container\">\n\t\t\t\t\t<h5 class=\"elementor-heading-title elementor-size-default\">WE ARE STILL HERE<\/h5>\t\t\t\t<\/div>\n\t\t\t\t<\/div>\n\t\t\t\t<div class=\"elementor-element elementor-element-3af7a91 elementor-widget elementor-widget-heading\" data-id=\"3af7a91\" data-element_type=\"widget\" data-e-type=\"widget\" data-widget_type=\"heading.default\">\n\t\t\t\t<div class=\"elementor-widget-container\">\n\t\t\t\t\t<h6 class=\"elementor-heading-title elementor-size-default\"><span style=\"font-weight: 600\">de Ya\u00ebl Bartana<\/span><\/h6>\t\t\t\t<\/div>\n\t\t\t\t<\/div>\n\t\t\t\t<div class=\"elementor-element elementor-element-69be146 elementor-widget elementor-widget-heading\" data-id=\"69be146\" data-element_type=\"widget\" data-e-type=\"widget\" data-widget_type=\"heading.default\">\n\t\t\t\t<div class=\"elementor-widget-container\">\n\t\t\t\t\t<h6 class=\"elementor-heading-title elementor-size-default\">Br\u00e9sil \/ 2024 \/  vid\u00e9o d\u2019art \/ en cours de post-production<\/h6>\t\t\t\t<\/div>\n\t\t\t\t<\/div>\n\t\t\t\t<div class=\"elementor-element elementor-element-48b59d1 elementor-align-center elementor-widget elementor-widget-button\" data-id=\"48b59d1\" data-element_type=\"widget\" data-e-type=\"widget\" data-widget_type=\"button.default\">\n\t\t\t\t<div class=\"elementor-widget-container\">\n\t\t\t\t\t\t\t\t\t<div class=\"elementor-button-wrapper\">\n\t\t\t\t\t<a class=\"elementor-button elementor-button-link elementor-size-xs\" href=\"https:\/\/tomsarrat.com\/index.php\/accueil\/we-are-still-here\/\" rel=\"nofollow\">\n\t\t\t\t\t\t<span class=\"elementor-button-content-wrapper\">\n\t\t\t\t\t\t\t\t\t<span class=\"elementor-button-text\">D\u00e9couvrir<\/span>\n\t\t\t\t\t<\/span>\n\t\t\t\t\t<\/a>\n\t\t\t\t<\/div>\n\t\t\t\t\t\t\t\t<\/div>\n\t\t\t\t<\/div>\n\t\t\t\t<\/div>\n\t\t\t\t\t<\/div>\n\t\t\t\t<\/div>\n\t\t<div class=\"elementor-element elementor-element-409a726 e-flex e-con-boxed e-con e-parent\" data-id=\"409a726\" data-element_type=\"container\" data-e-type=\"container\">\n\t\t\t\t\t<div class=\"e-con-inner\">\n\t\t\t\t<div class=\"elementor-element elementor-element-d4bb2a3 elementor-widget elementor-widget-heading\" data-id=\"d4bb2a3\" data-element_type=\"widget\" data-e-type=\"widget\" data-widget_type=\"heading.default\">\n\t\t\t\t<div class=\"elementor-widget-container\">\n\t\t\t\t\t<h4 class=\"elementor-heading-title elementor-size-default\"><a href=\"https:\/\/tomsarrat.com\/index.php\/portfolio\/\">Voir l'ensemble de mon portfolio<\/a><\/h4>\t\t\t\t<\/div>\n\t\t\t\t<\/div>\n\t\t\t\t\t<\/div>\n\t\t\t\t<\/div>\n\t\t\t\t<\/div>\n\t\t","protected":false},"excerpt":{"rendered":"<p>Attention ! Ce site est optimis\u00e9 pour \u00e9crans d&rsquo;ordinateurs. Diapositive pr\u00e9c\u00e9dente Diapositive suivante Une relation particuli\u00e8re\u00e0 la lumi\u00e8re De retour de deux ann\u00e9es professionnellement intenses au Br\u00e9sil, je retrouve avec plaisir le milieu audiovisuel fran\u00e7ais. Mes premi\u00e8res exp\u00e9riences professionnelles et universitaires m&rsquo;ont amen\u00e9 \u00e0 explorer la presque totalit\u00e9 des postes que l&rsquo;on trouve sur un [&hellip;]<\/p>\n","protected":false},"author":2,"featured_media":0,"parent":0,"menu_order":0,"comment_status":"closed","ping_status":"closed","template":"","meta":{"_monsterinsights_skip_tracking":false,"_monsterinsights_sitenote_active":false,"_monsterinsights_sitenote_note":"","_monsterinsights_sitenote_category":0,"footnotes":""},"class_list":["post-368","page","type-page","status-publish","hentry"],"aioseo_notices":[],"_links":{"self":[{"href":"https:\/\/tomsarrat.com\/index.php\/wp-json\/wp\/v2\/pages\/368","targetHints":{"allow":["GET"]}}],"collection":[{"href":"https:\/\/tomsarrat.com\/index.php\/wp-json\/wp\/v2\/pages"}],"about":[{"href":"https:\/\/tomsarrat.com\/index.php\/wp-json\/wp\/v2\/types\/page"}],"author":[{"embeddable":true,"href":"https:\/\/tomsarrat.com\/index.php\/wp-json\/wp\/v2\/users\/2"}],"replies":[{"embeddable":true,"href":"https:\/\/tomsarrat.com\/index.php\/wp-json\/wp\/v2\/comments?post=368"}],"version-history":[{"count":205,"href":"https:\/\/tomsarrat.com\/index.php\/wp-json\/wp\/v2\/pages\/368\/revisions"}],"predecessor-version":[{"id":1591,"href":"https:\/\/tomsarrat.com\/index.php\/wp-json\/wp\/v2\/pages\/368\/revisions\/1591"}],"wp:attachment":[{"href":"https:\/\/tomsarrat.com\/index.php\/wp-json\/wp\/v2\/media?parent=368"}],"curies":[{"name":"wp","href":"https:\/\/api.w.org\/{rel}","templated":true}]}}