{"id":768,"date":"2024-02-28T10:18:10","date_gmt":"2024-02-28T09:18:10","guid":{"rendered":"https:\/\/tomsarrat.com\/?page_id=768"},"modified":"2024-03-22T09:49:42","modified_gmt":"2024-03-22T08:49:42","slug":"aller-simple","status":"publish","type":"page","link":"https:\/\/tomsarrat.com\/index.php\/accueil\/aller-simple\/","title":{"rendered":"ALLER SIMPLE"},"content":{"rendered":"\t\t<div data-elementor-type=\"wp-page\" data-elementor-id=\"768\" class=\"elementor elementor-768\" data-elementor-post-type=\"page\">\n\t\t\t\t<div class=\"elementor-element elementor-element-bc9fe9c e-flex e-con-boxed e-con e-parent\" data-id=\"bc9fe9c\" data-element_type=\"container\" data-e-type=\"container\">\n\t\t\t\t\t<div class=\"e-con-inner\">\n\t\t\t\t<div class=\"elementor-element elementor-element-0080f82 elementor-widget elementor-widget-heading\" data-id=\"0080f82\" data-element_type=\"widget\" data-e-type=\"widget\" data-widget_type=\"heading.default\">\n\t\t\t\t<div class=\"elementor-widget-container\">\n\t\t\t\t\t<h2 class=\"elementor-heading-title elementor-size-default\">ALLER SIMPLE<\/h2>\t\t\t\t<\/div>\n\t\t\t\t<\/div>\n\t\t\t\t<div class=\"elementor-element elementor-element-bbe35c7 elementor-widget elementor-widget-heading\" data-id=\"bbe35c7\" data-element_type=\"widget\" data-e-type=\"widget\" data-widget_type=\"heading.default\">\n\t\t\t\t<div class=\"elementor-widget-container\">\n\t\t\t\t\t<h6 class=\"elementor-heading-title elementor-size-default\"><span style=\"font-weight: 600\">de Jan Amor &amp; Jeanne Lorne<\/span><\/h6>\t\t\t\t<\/div>\n\t\t\t\t<\/div>\n\t\t\t\t<div class=\"elementor-element elementor-element-2a4e966 elementor-widget elementor-widget-heading\" data-id=\"2a4e966\" data-element_type=\"widget\" data-e-type=\"widget\" data-widget_type=\"heading.default\">\n\t\t\t\t<div class=\"elementor-widget-container\">\n\t\t\t\t\t<h6 class=\"elementor-heading-title elementor-size-default\">France \/ 2022 \/ Court-m\u00e9trage \/ Fiction \/ 25 min<\/h6>\t\t\t\t<\/div>\n\t\t\t\t<\/div>\n\t\t\t\t\t<\/div>\n\t\t\t\t<\/div>\n\t\t<div class=\"elementor-element elementor-element-e026650 e-flex e-con-boxed e-con e-parent\" data-id=\"e026650\" data-element_type=\"container\" data-e-type=\"container\">\n\t\t\t\t\t<div class=\"e-con-inner\">\n\t\t\t\t<div class=\"elementor-element elementor-element-ccdbb62 elementor--h-position-center elementor--v-position-middle elementor-arrows-position-inside elementor-pagination-position-inside elementor-widget elementor-widget-slides\" data-id=\"ccdbb62\" data-element_type=\"widget\" data-e-type=\"widget\" data-settings=\"{&quot;autoplay_speed&quot;:4000,&quot;transition_speed&quot;:1000,&quot;navigation&quot;:&quot;both&quot;,&quot;autoplay&quot;:&quot;yes&quot;,&quot;pause_on_hover&quot;:&quot;yes&quot;,&quot;pause_on_interaction&quot;:&quot;yes&quot;,&quot;infinite&quot;:&quot;yes&quot;,&quot;transition&quot;:&quot;slide&quot;}\" data-widget_type=\"slides.default\">\n\t\t\t\t<div class=\"elementor-widget-container\">\n\t\t\t\t\t\t\t\t\t<div class=\"elementor-swiper\">\n\t\t\t\t\t<div class=\"elementor-slides-wrapper elementor-main-swiper swiper\" role=\"region\" aria-roledescription=\"carousel\" aria-label=\"Diapositives\" dir=\"ltr\" data-animation=\"fadeInUp\">\n\t\t\t\t<div class=\"swiper-wrapper elementor-slides\">\n\t\t\t\t\t\t\t\t\t\t<div class=\"elementor-repeater-item-2c27863 swiper-slide\" role=\"group\" aria-roledescription=\"slide\"><div class=\"swiper-slide-bg\" role=\"img\" aria-label=\"Vi-ALLER SIMPLE 2\"><\/div><div class=\"swiper-slide-inner\" ><div class=\"swiper-slide-contents\"><\/div><\/div><\/div><div class=\"elementor-repeater-item-56f13e4 swiper-slide\" role=\"group\" aria-roledescription=\"slide\"><div class=\"swiper-slide-bg\" role=\"img\" aria-label=\"Vi-ALLER SIMPLE 1\"><\/div><div class=\"swiper-slide-inner\" ><div class=\"swiper-slide-contents\"><\/div><\/div><\/div><div class=\"elementor-repeater-item-8fe4d87 swiper-slide\" role=\"group\" aria-roledescription=\"slide\"><div class=\"swiper-slide-bg\" role=\"img\" aria-label=\"Vi-ALLER SIMPLE 3\"><\/div><div class=\"swiper-slide-inner\" ><div class=\"swiper-slide-contents\"><\/div><\/div><\/div><div class=\"elementor-repeater-item-6cc977d swiper-slide\" role=\"group\" aria-roledescription=\"slide\"><div class=\"swiper-slide-bg\" role=\"img\" aria-label=\"Vi-ALLER SIMPLE 4\"><\/div><div class=\"swiper-slide-inner\" ><div class=\"swiper-slide-contents\"><\/div><\/div><\/div><div class=\"elementor-repeater-item-993eba7 swiper-slide\" role=\"group\" aria-roledescription=\"slide\"><div class=\"swiper-slide-bg\" role=\"img\" aria-label=\"Vi-ALLER SIMPLE 5\"><\/div><div class=\"swiper-slide-inner\" ><div class=\"swiper-slide-contents\"><\/div><\/div><\/div><div class=\"elementor-repeater-item-738e589 swiper-slide\" role=\"group\" aria-roledescription=\"slide\"><div class=\"swiper-slide-bg\" role=\"img\" aria-label=\"Vi-ALLER SIMPLE 6\"><\/div><div class=\"swiper-slide-inner\" ><div class=\"swiper-slide-contents\"><\/div><\/div><\/div><div class=\"elementor-repeater-item-78082d3 swiper-slide\" role=\"group\" aria-roledescription=\"slide\"><div class=\"swiper-slide-bg\" role=\"img\" aria-label=\"Vi-ALLER SIMPLE 7\"><\/div><div class=\"swiper-slide-inner\" ><div class=\"swiper-slide-contents\"><\/div><\/div><\/div><div class=\"elementor-repeater-item-0388560 swiper-slide\" role=\"group\" aria-roledescription=\"slide\"><div class=\"swiper-slide-bg\" role=\"img\" aria-label=\"Vi-ALLER SIMPLE 8\"><\/div><div class=\"swiper-slide-inner\" ><div class=\"swiper-slide-contents\"><\/div><\/div><\/div><div class=\"elementor-repeater-item-da8ad6a swiper-slide\" role=\"group\" aria-roledescription=\"slide\"><div class=\"swiper-slide-bg\" role=\"img\" aria-label=\"Vi-ALLER SIMPLE 9\"><\/div><div class=\"swiper-slide-inner\" ><div class=\"swiper-slide-contents\"><\/div><\/div><\/div><div class=\"elementor-repeater-item-49a8b2e swiper-slide\" role=\"group\" aria-roledescription=\"slide\"><div class=\"swiper-slide-bg\" role=\"img\" aria-label=\"Vi-ALLER SIMPLE 10\"><\/div><div class=\"swiper-slide-inner\" ><div class=\"swiper-slide-contents\"><\/div><\/div><\/div><div class=\"elementor-repeater-item-ee8e72b swiper-slide\" role=\"group\" aria-roledescription=\"slide\"><div class=\"swiper-slide-bg\" role=\"img\" aria-label=\"Vi-ALLER SIMPLE 11\"><\/div><div class=\"swiper-slide-inner\" ><div class=\"swiper-slide-contents\"><\/div><\/div><\/div><div class=\"elementor-repeater-item-78edaf6 swiper-slide\" role=\"group\" aria-roledescription=\"slide\"><div class=\"swiper-slide-bg\" role=\"img\" aria-label=\"Vi-ALLER SIMPLE 12\"><\/div><div class=\"swiper-slide-inner\" ><div class=\"swiper-slide-contents\"><\/div><\/div><\/div><div class=\"elementor-repeater-item-2d5ca9d swiper-slide\" role=\"group\" aria-roledescription=\"slide\"><div class=\"swiper-slide-bg\" role=\"img\" aria-label=\"Vi-ALLER SIMPLE 13\"><\/div><div class=\"swiper-slide-inner\" ><div class=\"swiper-slide-contents\"><\/div><\/div><\/div>\t\t\t\t<\/div>\n\t\t\t\t\t\t\t\t\t\t\t\t\t\t\t<div class=\"elementor-swiper-button elementor-swiper-button-prev\" role=\"button\" tabindex=\"0\" aria-label=\"Diapositive pr\u00e9c\u00e9dente\">\n\t\t\t\t\t\t\t<svg aria-hidden=\"true\" class=\"e-font-icon-svg e-eicon-chevron-left\" viewBox=\"0 0 1000 1000\" xmlns=\"http:\/\/www.w3.org\/2000\/svg\"><path d=\"M646 125C629 125 613 133 604 142L308 442C296 454 292 471 292 487 292 504 296 521 308 533L604 854C617 867 629 875 646 875 663 875 679 871 692 858 704 846 713 829 713 812 713 796 708 779 692 767L438 487 692 225C700 217 708 204 708 187 708 171 704 154 692 142 675 129 663 125 646 125Z\"><\/path><\/svg>\t\t\t\t\t\t<\/div>\n\t\t\t\t\t\t<div class=\"elementor-swiper-button elementor-swiper-button-next\" role=\"button\" tabindex=\"0\" aria-label=\"Diapositive suivante\">\n\t\t\t\t\t\t\t<svg aria-hidden=\"true\" class=\"e-font-icon-svg e-eicon-chevron-right\" viewBox=\"0 0 1000 1000\" xmlns=\"http:\/\/www.w3.org\/2000\/svg\"><path d=\"M696 533C708 521 713 504 713 487 713 471 708 454 696 446L400 146C388 133 375 125 354 125 338 125 325 129 313 142 300 154 292 171 292 187 292 204 296 221 308 233L563 492 304 771C292 783 288 800 288 817 288 833 296 850 308 863 321 871 338 875 354 875 371 875 388 867 400 854L696 533Z\"><\/path><\/svg>\t\t\t\t\t\t<\/div>\n\t\t\t\t\t\t\t\t\t\t\t\t\t\t\t\t<div class=\"swiper-pagination\"><\/div>\n\t\t\t\t\t\t\t\t\t\t\t\t<\/div>\n\t\t\t\t<\/div>\n\t\t\t\t\t\t\t\t<\/div>\n\t\t\t\t<\/div>\n\t\t\t\t\t<\/div>\n\t\t\t\t<\/div>\n\t\t<div class=\"elementor-element elementor-element-634ddcd e-flex e-con-boxed e-con e-parent\" data-id=\"634ddcd\" data-element_type=\"container\" data-e-type=\"container\">\n\t\t\t\t\t<div class=\"e-con-inner\">\n\t\t\t\t<div class=\"elementor-element elementor-element-08a3247 elementor-widget elementor-widget-heading\" data-id=\"08a3247\" data-element_type=\"widget\" data-e-type=\"widget\" data-widget_type=\"heading.default\">\n\t\t\t\t<div class=\"elementor-widget-container\">\n\t\t\t\t\t<h3 class=\"elementor-heading-title elementor-size-default\">SYNOPSIS<\/h3>\t\t\t\t<\/div>\n\t\t\t\t<\/div>\n\t\t\t\t<div class=\"elementor-element elementor-element-bf69772 elementor-widget__width-initial elementor-widget elementor-widget-text-editor\" data-id=\"bf69772\" data-element_type=\"widget\" data-e-type=\"widget\" data-widget_type=\"text-editor.default\">\n\t\t\t\t<div class=\"elementor-widget-container\">\n\t\t\t\t\t\t\t\t\t<p>Robert, un berger d\u2019\u00e2ge m\u00fbr, enterre son chien. En creusant sa tombe, il trouve une valise bien verrouill\u00e9e portant la marque \u00ab\u00a0<em>Aller Simple\u00a0\u00bb<\/em>. Robert s\u2019aventure en ville pour retrouver le propri\u00e9taire de la valise, mais sa petite course se transforme en un interminable voyage.<\/p>\t\t\t\t\t\t\t\t<\/div>\n\t\t\t\t<\/div>\n\t\t\t\t<div class=\"elementor-element elementor-element-5b85519 elementor-widget elementor-widget-heading\" data-id=\"5b85519\" data-element_type=\"widget\" data-e-type=\"widget\" data-widget_type=\"heading.default\">\n\t\t\t\t<div class=\"elementor-widget-container\">\n\t\t\t\t\t<h3 class=\"elementor-heading-title elementor-size-default\">EXP\u00c9RIENCE<\/h3>\t\t\t\t<\/div>\n\t\t\t\t<\/div>\n\t\t\t\t<div class=\"elementor-element elementor-element-0f84f92 elementor-widget elementor-widget-text-editor\" data-id=\"0f84f92\" data-element_type=\"widget\" data-e-type=\"widget\" data-widget_type=\"text-editor.default\">\n\t\t\t\t<div class=\"elementor-widget-container\">\n\t\t\t\t\t\t\t\t\t<p>J\u2019ai \u00e9t\u00e9 particuli\u00e8rement marqu\u00e9 par ce tournage, car il m\u2019a mis face \u00e0 des d\u00e9fis que je n\u2019avais jamais eu \u00e0 affronter.<\/p>\n<p>Nous avons tourn\u00e9 dans une vingtaine de lieux diff\u00e9rents, tous avec des enjeux sp\u00e9cifiques d\u2019\u00e9clairage et des disparit\u00e9s fortes de choix dramatiques et de contrastes. J\u2019\u00e9tais avec une \u00e9quipe d\u2019\u00e9lectriciens plus grande \u00e0 g\u00e9rer qu\u2019\u00e0 mon habitude de l\u2019\u00e9poque. Le tournage a dur\u00e9 trois semaines. C\u2019\u00e9tait mon exp\u00e9rience la plus grande jusque-l\u00e0, d\u00e9pass\u00e9e depuis le long-m\u00e9trage sur 5 semaines auquel j\u2019ai particip\u00e9 en octobre-novembre 2023 (<em>O mundo que voc\u00ea conhece j\u00e1 n\u00e3o existe mais de<\/em> &#8211; <strong>Br\u00e9sil<\/strong> &#8211; 2024)<\/p>\n<p>Le temps et les \u00e9v\u00e9nements n\u2019ont pas toujours jou\u00e9 en notre faveur, les journ\u00e9es \u00e9taient tr\u00e8s longues, mais l\u2019ambiance et la volont\u00e9 de l\u2019\u00e9quipe \u00e0 toute \u00e9preuve, dans un souci de coh\u00e9sion et de cr\u00e9ation \u00e9mouvant.<\/p>\n<p>N\u00e9gativer et \u00e9clairer une usine d\u00e9saffect\u00e9e ; illuminer une caravane sous un orage d\u00e9mentiel provoquant un court-circuit et devoir changer des HMI pour des LEDs en recr\u00e9ant une lumi\u00e8re \u00e9quivalente gr\u00e2ce \u00e0 un jeu de distance et d\u2019intensit\u00e9 ; \u00e9clairer un tunnel pour un plan s\u00e9quence lat\u00e9ral sur toute la zone pi\u00e9ton ; plusieurs situations complexes, sources de progression, qui font de ce court-m\u00e9trage une exp\u00e9rience m\u00e9morable \u00e0 mes yeux.<\/p>\t\t\t\t\t\t\t\t<\/div>\n\t\t\t\t<\/div>\n\t\t\t\t\t<\/div>\n\t\t\t\t<\/div>\n\t\t<div class=\"elementor-element elementor-element-3d53ca1 e-flex e-con-boxed e-con e-parent\" data-id=\"3d53ca1\" data-element_type=\"container\" data-e-type=\"container\">\n\t\t\t\t\t<div class=\"e-con-inner\">\n\t\t\t\t<div class=\"elementor-element elementor-element-c9cd5c8 elementor-widget elementor-widget-gallery\" data-id=\"c9cd5c8\" data-element_type=\"widget\" data-e-type=\"widget\" data-settings=\"{&quot;gallery_layout&quot;:&quot;masonry&quot;,&quot;columns&quot;:3,&quot;lazyload&quot;:&quot;yes&quot;,&quot;columns_tablet&quot;:2,&quot;columns_mobile&quot;:1,&quot;gap&quot;:{&quot;unit&quot;:&quot;px&quot;,&quot;size&quot;:10,&quot;sizes&quot;:[]},&quot;gap_tablet&quot;:{&quot;unit&quot;:&quot;px&quot;,&quot;size&quot;:10,&quot;sizes&quot;:[]},&quot;gap_mobile&quot;:{&quot;unit&quot;:&quot;px&quot;,&quot;size&quot;:10,&quot;sizes&quot;:[]},&quot;link_to&quot;:&quot;file&quot;,&quot;overlay_background&quot;:&quot;yes&quot;,&quot;content_hover_animation&quot;:&quot;fade-in&quot;}\" data-widget_type=\"gallery.default\">\n\t\t\t\t<div class=\"elementor-widget-container\">\n\t\t\t\t\t\t\t<div class=\"elementor-gallery__container\">\n\t\t\t\t\t\t\t<a class=\"e-gallery-item elementor-gallery-item elementor-animated-content\" href=\"https:\/\/tomsarrat.com\/wp-content\/uploads\/2024\/03\/T-AS-1-1.webp\" data-elementor-open-lightbox=\"yes\" data-elementor-lightbox-slideshow=\"c9cd5c8\" data-elementor-lightbox-title=\"T-AS-1\" data-e-action-hash=\"#elementor-action%3Aaction%3Dlightbox%26settings%3DeyJpZCI6MTM4MiwidXJsIjoiaHR0cHM6XC9cL3RvbXNhcnJhdC5jb21cL3dwLWNvbnRlbnRcL3VwbG9hZHNcLzIwMjRcLzAzXC9ULUFTLTEtMS53ZWJwIiwic2xpZGVzaG93IjoiYzljZDVjOCJ9\">\n\t\t\t\t\t<div class=\"e-gallery-image elementor-gallery-item__image\" data-thumbnail=\"https:\/\/tomsarrat.com\/wp-content\/uploads\/2024\/03\/T-AS-1-1.webp\" data-width=\"720\" data-height=\"540\" aria-label=\"\" role=\"img\" ><\/div>\n\t\t\t\t\t\t\t\t\t\t\t<div class=\"elementor-gallery-item__overlay\"><\/div>\n\t\t\t\t\t\t\t\t\t\t\t\t\t\t<\/a>\n\t\t\t\t\t\t\t<a class=\"e-gallery-item elementor-gallery-item elementor-animated-content\" href=\"https:\/\/tomsarrat.com\/wp-content\/uploads\/2024\/03\/T-AS-2-1.webp\" data-elementor-open-lightbox=\"yes\" data-elementor-lightbox-slideshow=\"c9cd5c8\" data-elementor-lightbox-title=\"T-AS-2\" data-e-action-hash=\"#elementor-action%3Aaction%3Dlightbox%26settings%3DeyJpZCI6MTM4MywidXJsIjoiaHR0cHM6XC9cL3RvbXNhcnJhdC5jb21cL3dwLWNvbnRlbnRcL3VwbG9hZHNcLzIwMjRcLzAzXC9ULUFTLTItMS53ZWJwIiwic2xpZGVzaG93IjoiYzljZDVjOCJ9\">\n\t\t\t\t\t<div class=\"e-gallery-image elementor-gallery-item__image\" data-thumbnail=\"https:\/\/tomsarrat.com\/wp-content\/uploads\/2024\/03\/T-AS-2-1.webp\" data-width=\"720\" data-height=\"540\" aria-label=\"\" role=\"img\" ><\/div>\n\t\t\t\t\t\t\t\t\t\t\t<div class=\"elementor-gallery-item__overlay\"><\/div>\n\t\t\t\t\t\t\t\t\t\t\t\t\t\t<\/a>\n\t\t\t\t\t\t\t<a class=\"e-gallery-item elementor-gallery-item elementor-animated-content\" href=\"https:\/\/tomsarrat.com\/wp-content\/uploads\/2024\/03\/T-AS-3-1.webp\" data-elementor-open-lightbox=\"yes\" data-elementor-lightbox-slideshow=\"c9cd5c8\" data-elementor-lightbox-title=\"T-AS-3\" data-e-action-hash=\"#elementor-action%3Aaction%3Dlightbox%26settings%3DeyJpZCI6MTM4NCwidXJsIjoiaHR0cHM6XC9cL3RvbXNhcnJhdC5jb21cL3dwLWNvbnRlbnRcL3VwbG9hZHNcLzIwMjRcLzAzXC9ULUFTLTMtMS53ZWJwIiwic2xpZGVzaG93IjoiYzljZDVjOCJ9\">\n\t\t\t\t\t<div class=\"e-gallery-image elementor-gallery-item__image\" data-thumbnail=\"https:\/\/tomsarrat.com\/wp-content\/uploads\/2024\/03\/T-AS-3-1.webp\" data-width=\"720\" data-height=\"540\" aria-label=\"\" role=\"img\" ><\/div>\n\t\t\t\t\t\t\t\t\t\t\t<div class=\"elementor-gallery-item__overlay\"><\/div>\n\t\t\t\t\t\t\t\t\t\t\t\t\t\t<\/a>\n\t\t\t\t\t\t\t<a class=\"e-gallery-item elementor-gallery-item elementor-animated-content\" href=\"https:\/\/tomsarrat.com\/wp-content\/uploads\/2024\/03\/T-AS-4-1.webp\" data-elementor-open-lightbox=\"yes\" data-elementor-lightbox-slideshow=\"c9cd5c8\" data-elementor-lightbox-title=\"T-AS-4\" data-e-action-hash=\"#elementor-action%3Aaction%3Dlightbox%26settings%3DeyJpZCI6MTM4NSwidXJsIjoiaHR0cHM6XC9cL3RvbXNhcnJhdC5jb21cL3dwLWNvbnRlbnRcL3VwbG9hZHNcLzIwMjRcLzAzXC9ULUFTLTQtMS53ZWJwIiwic2xpZGVzaG93IjoiYzljZDVjOCJ9\">\n\t\t\t\t\t<div class=\"e-gallery-image elementor-gallery-item__image\" data-thumbnail=\"https:\/\/tomsarrat.com\/wp-content\/uploads\/2024\/03\/T-AS-4-1.webp\" data-width=\"720\" data-height=\"960\" aria-label=\"\" role=\"img\" ><\/div>\n\t\t\t\t\t\t\t\t\t\t\t<div class=\"elementor-gallery-item__overlay\"><\/div>\n\t\t\t\t\t\t\t\t\t\t\t\t\t\t<\/a>\n\t\t\t\t\t\t\t<a class=\"e-gallery-item elementor-gallery-item elementor-animated-content\" href=\"https:\/\/tomsarrat.com\/wp-content\/uploads\/2024\/03\/T-AS-5-1.webp\" data-elementor-open-lightbox=\"yes\" data-elementor-lightbox-slideshow=\"c9cd5c8\" data-elementor-lightbox-title=\"T-AS-5\" data-e-action-hash=\"#elementor-action%3Aaction%3Dlightbox%26settings%3DeyJpZCI6MTM4NiwidXJsIjoiaHR0cHM6XC9cL3RvbXNhcnJhdC5jb21cL3dwLWNvbnRlbnRcL3VwbG9hZHNcLzIwMjRcLzAzXC9ULUFTLTUtMS53ZWJwIiwic2xpZGVzaG93IjoiYzljZDVjOCJ9\">\n\t\t\t\t\t<div class=\"e-gallery-image elementor-gallery-item__image\" data-thumbnail=\"https:\/\/tomsarrat.com\/wp-content\/uploads\/2024\/03\/T-AS-5-1.webp\" data-width=\"720\" data-height=\"540\" aria-label=\"\" role=\"img\" ><\/div>\n\t\t\t\t\t\t\t\t\t\t\t<div class=\"elementor-gallery-item__overlay\"><\/div>\n\t\t\t\t\t\t\t\t\t\t\t\t\t\t<\/a>\n\t\t\t\t\t\t\t<a class=\"e-gallery-item elementor-gallery-item elementor-animated-content\" href=\"https:\/\/tomsarrat.com\/wp-content\/uploads\/2024\/03\/T-AS-6-1.webp\" data-elementor-open-lightbox=\"yes\" data-elementor-lightbox-slideshow=\"c9cd5c8\" data-elementor-lightbox-title=\"T-AS-6\" data-e-action-hash=\"#elementor-action%3Aaction%3Dlightbox%26settings%3DeyJpZCI6MTM4NywidXJsIjoiaHR0cHM6XC9cL3RvbXNhcnJhdC5jb21cL3dwLWNvbnRlbnRcL3VwbG9hZHNcLzIwMjRcLzAzXC9ULUFTLTYtMS53ZWJwIiwic2xpZGVzaG93IjoiYzljZDVjOCJ9\">\n\t\t\t\t\t<div class=\"e-gallery-image elementor-gallery-item__image\" data-thumbnail=\"https:\/\/tomsarrat.com\/wp-content\/uploads\/2024\/03\/T-AS-6-1.webp\" data-width=\"720\" data-height=\"480\" aria-label=\"\" role=\"img\" ><\/div>\n\t\t\t\t\t\t\t\t\t\t\t<div class=\"elementor-gallery-item__overlay\"><\/div>\n\t\t\t\t\t\t\t\t\t\t\t\t\t\t<\/a>\n\t\t\t\t\t\t\t<a class=\"e-gallery-item elementor-gallery-item elementor-animated-content\" href=\"https:\/\/tomsarrat.com\/wp-content\/uploads\/2024\/03\/T-AS-7-1.webp\" data-elementor-open-lightbox=\"yes\" data-elementor-lightbox-slideshow=\"c9cd5c8\" data-elementor-lightbox-title=\"T-AS-7\" data-e-action-hash=\"#elementor-action%3Aaction%3Dlightbox%26settings%3DeyJpZCI6MTM4OCwidXJsIjoiaHR0cHM6XC9cL3RvbXNhcnJhdC5jb21cL3dwLWNvbnRlbnRcL3VwbG9hZHNcLzIwMjRcLzAzXC9ULUFTLTctMS53ZWJwIiwic2xpZGVzaG93IjoiYzljZDVjOCJ9\">\n\t\t\t\t\t<div class=\"e-gallery-image elementor-gallery-item__image\" data-thumbnail=\"https:\/\/tomsarrat.com\/wp-content\/uploads\/2024\/03\/T-AS-7-1.webp\" data-width=\"720\" data-height=\"480\" aria-label=\"\" role=\"img\" ><\/div>\n\t\t\t\t\t\t\t\t\t\t\t<div class=\"elementor-gallery-item__overlay\"><\/div>\n\t\t\t\t\t\t\t\t\t\t\t\t\t\t<\/a>\n\t\t\t\t\t<\/div>\n\t\t\t\t\t<\/div>\n\t\t\t\t<\/div>\n\t\t\t\t\t<\/div>\n\t\t\t\t<\/div>\n\t\t<div class=\"elementor-element elementor-element-b473e55 e-flex e-con-boxed e-con e-parent\" data-id=\"b473e55\" data-element_type=\"container\" data-e-type=\"container\">\n\t\t\t\t\t<div class=\"e-con-inner\">\n\t\t\t\t<div class=\"elementor-element elementor-element-95344b4 elementor-widget elementor-widget-heading\" data-id=\"95344b4\" data-element_type=\"widget\" data-e-type=\"widget\" data-widget_type=\"heading.default\">\n\t\t\t\t<div class=\"elementor-widget-container\">\n\t\t\t\t\t<h3 class=\"elementor-heading-title elementor-size-default\">CR\u00c9DITS<\/h3>\t\t\t\t<\/div>\n\t\t\t\t<\/div>\n\t\t\t\t<div class=\"elementor-element elementor-element-4f4e568 elementor-widget__width-inherit elementor-widget elementor-widget-shortcode\" data-id=\"4f4e568\" data-element_type=\"widget\" data-e-type=\"widget\" data-widget_type=\"shortcode.default\">\n\t\t\t\t<div class=\"elementor-widget-container\">\n\t\t\t\t\t\t\t<div class=\"elementor-shortcode\">\n<table id=\"tablepress-2\" class=\"tablepress tablepress-id-2\">\n<tbody>\n<tr class=\"row-1\">\n\t<td class=\"column-1\" style=\"width:30%;\">R\u00e9alisation et sc\u00e9nario<\/td><td class=\"column-2\" style=\"width:70%;\">Jan Amor et Jeanne Lorne<\/td>\n<\/tr>\n<tr class=\"row-2\">\n\t<td class=\"column-1\">Directrices de la photographie<\/td><td class=\"column-2\">Celina Filgueiras, Teja Miholic<\/td>\n<\/tr>\n<tr class=\"row-3\">\n\t<td class=\"column-1\">Assistantes cam\u00e9ra<\/td><td class=\"column-2\">Chlo\u00e9 Gares, Jade Delavigne<\/td>\n<\/tr>\n<tr class=\"row-4\">\n\t<td class=\"column-1\">Chef \u00e9lectricien<\/td><td class=\"column-2\">Tom Sarrat<\/td>\n<\/tr>\n<tr class=\"row-5\">\n\t<td class=\"column-1\">Assistants \u00e9lectriciens<\/td><td class=\"column-2\">Rom\u00e9o Bacqu\u00e9, Guilhem Cl\u00e9ry, Robin Hamon, Germain Bardeau<\/td>\n<\/tr>\n<tr class=\"row-6\">\n\t<td class=\"column-1\">Chefs op\u00e9rateurs son<\/td><td class=\"column-2\">Thibaut Przybylski, Mathys Derboule<\/td>\n<\/tr>\n<tr class=\"row-7\">\n\t<td class=\"column-1\">Assistantes son<\/td><td class=\"column-2\">Alice Olea, H\u00e9l\u00e8ne Dawson<\/td>\n<\/tr>\n<tr class=\"row-8\">\n\t<td class=\"column-1\">Assistant mise en sc\u00e8ne<\/td><td class=\"column-2\">Tristan Houllemare<\/td>\n<\/tr>\n<tr class=\"row-9\">\n\t<td class=\"column-1\">Script<\/td><td class=\"column-2\">Violette Gleizer, Eloi Alan<\/td>\n<\/tr>\n<tr class=\"row-10\">\n\t<td class=\"column-1\">R\u00e9gisseur g\u00e9n\u00e9ral<\/td><td class=\"column-2\">Baptiste Coudurier<\/td>\n<\/tr>\n<tr class=\"row-11\">\n\t<td class=\"column-1\">R\u00e9gisseur auxiliaire<\/td><td class=\"column-2\">Kamel Saidi<\/td>\n<\/tr>\n<tr class=\"row-12\">\n\t<td class=\"column-1\">Renforts r\u00e9gie<\/td><td class=\"column-2\">Salom\u00e9 Matin, Sonia Mabillard, Rapha\u00ebl Giocanti, Marti Amor, Guillaume Maurel, Axel Briquet, Camila de Pasqualis<\/td>\n<\/tr>\n<tr class=\"row-13\">\n\t<td class=\"column-1\">D\u00e9coration<\/td><td class=\"column-2\">Juliana Olaya Torres, Daniel Duque, Genjo Selwa<\/td>\n<\/tr>\n<tr class=\"row-14\">\n\t<td class=\"column-1\">Maquillage et coiffure<\/td><td class=\"column-2\">Justine Le Lous<\/td>\n<\/tr>\n<tr class=\"row-15\">\n\t<td class=\"column-1\">Montage<\/td><td class=\"column-2\">Jan Amor et Jeanne Lorne<\/td>\n<\/tr>\n<tr class=\"row-16\">\n\t<td class=\"column-1\">Montage et mixage son<\/td><td class=\"column-2\">Sofia Riboloff<\/td>\n<\/tr>\n<tr class=\"row-17\">\n\t<td class=\"column-1\">Monteur son associ\u00e9<\/td><td class=\"column-2\">Mathys Derboule<\/td>\n<\/tr>\n<tr class=\"row-18\">\n\t<td class=\"column-1\">Etalonnage<\/td><td class=\"column-2\">Rom\u00e9o Bacqu\u00e9<\/td>\n<\/tr>\n<tr class=\"row-19\">\n\t<td class=\"column-1\">Effets sp\u00e9ciaux<\/td><td class=\"column-2\">Sh\u00e9riff Bishara; Bishoy Samaan<\/td>\n<\/tr>\n<tr class=\"row-20\">\n\t<td class=\"column-1\">Production<\/td><td class=\"column-2\">Ecole Nationale Sup\u00e9rieure de l\u2019Audiovisuel<\/td>\n<\/tr>\n<\/tbody>\n<\/table>\n<!-- #tablepress-2 from cache --><\/div>\n\t\t\t\t\t\t<\/div>\n\t\t\t\t<\/div>\n\t\t\t\t\t<\/div>\n\t\t\t\t<\/div>\n\t\t<div class=\"elementor-element elementor-element-3fdea3b e-flex e-con-boxed e-con e-parent\" data-id=\"3fdea3b\" data-element_type=\"container\" data-e-type=\"container\">\n\t\t\t\t\t<div class=\"e-con-inner\">\n\t\t\t\t<div class=\"elementor-element elementor-element-e15e12c elementor-widget elementor-widget-video\" data-id=\"e15e12c\" data-element_type=\"widget\" data-e-type=\"widget\" data-settings=\"{&quot;youtube_url&quot;:&quot;https:\\\/\\\/www.youtube.com\\\/watch?v=iYfjDYsAkyY&amp;t=347s&quot;,&quot;video_type&quot;:&quot;youtube&quot;,&quot;controls&quot;:&quot;yes&quot;}\" data-widget_type=\"video.default\">\n\t\t\t\t<div class=\"elementor-widget-container\">\n\t\t\t\t\t\t\t<div class=\"elementor-wrapper elementor-open-inline\">\n\t\t\t<div class=\"elementor-video\"><\/div>\t\t<\/div>\n\t\t\t\t\t\t<\/div>\n\t\t\t\t<\/div>\n\t\t\t\t\t<\/div>\n\t\t\t\t<\/div>\n\t\t\t\t<\/div>\n\t\t","protected":false},"excerpt":{"rendered":"<p>ALLER SIMPLE de Jan Amor &amp; Jeanne Lorne France \/ 2022 \/ Court-m\u00e9trage \/ Fiction \/ 25 min Diapositive pr\u00e9c\u00e9dente Diapositive suivante SYNOPSIS Robert, un berger d\u2019\u00e2ge m\u00fbr, enterre son chien. En creusant sa tombe, il trouve une valise bien verrouill\u00e9e portant la marque \u00ab\u00a0Aller Simple\u00a0\u00bb. Robert s\u2019aventure en ville pour retrouver le propri\u00e9taire de [&hellip;]<\/p>\n","protected":false},"author":2,"featured_media":0,"parent":368,"menu_order":0,"comment_status":"closed","ping_status":"closed","template":"","meta":{"_monsterinsights_skip_tracking":false,"_monsterinsights_sitenote_active":false,"_monsterinsights_sitenote_note":"","_monsterinsights_sitenote_category":0,"footnotes":""},"class_list":["post-768","page","type-page","status-publish","hentry"],"aioseo_notices":[],"_links":{"self":[{"href":"https:\/\/tomsarrat.com\/index.php\/wp-json\/wp\/v2\/pages\/768","targetHints":{"allow":["GET"]}}],"collection":[{"href":"https:\/\/tomsarrat.com\/index.php\/wp-json\/wp\/v2\/pages"}],"about":[{"href":"https:\/\/tomsarrat.com\/index.php\/wp-json\/wp\/v2\/types\/page"}],"author":[{"embeddable":true,"href":"https:\/\/tomsarrat.com\/index.php\/wp-json\/wp\/v2\/users\/2"}],"replies":[{"embeddable":true,"href":"https:\/\/tomsarrat.com\/index.php\/wp-json\/wp\/v2\/comments?post=768"}],"version-history":[{"count":142,"href":"https:\/\/tomsarrat.com\/index.php\/wp-json\/wp\/v2\/pages\/768\/revisions"}],"predecessor-version":[{"id":1554,"href":"https:\/\/tomsarrat.com\/index.php\/wp-json\/wp\/v2\/pages\/768\/revisions\/1554"}],"up":[{"embeddable":true,"href":"https:\/\/tomsarrat.com\/index.php\/wp-json\/wp\/v2\/pages\/368"}],"wp:attachment":[{"href":"https:\/\/tomsarrat.com\/index.php\/wp-json\/wp\/v2\/media?parent=768"}],"curies":[{"name":"wp","href":"https:\/\/api.w.org\/{rel}","templated":true}]}}